{"id":766,"date":"2024-08-12T11:33:17","date_gmt":"2024-08-12T14:33:17","guid":{"rendered":"https:\/\/staging1.agenciacfas.com.br\/?page_id=766"},"modified":"2024-08-17T12:01:39","modified_gmt":"2024-08-17T15:01:39","slug":"blog-site","status":"publish","type":"page","link":"https:\/\/staging1.agenciacfas.com.br\/index.php\/blog-site\/","title":{"rendered":"Blog"},"content":{"rendered":"\t\t<div data-elementor-type=\"wp-page\" data-elementor-id=\"766\" class=\"elementor elementor-766\" data-elementor-post-type=\"page\">\n\t\t\t\t<div class=\"elementor-element elementor-element-ee6c9bf e-flex e-con-boxed e-con e-parent\" data-id=\"ee6c9bf\" data-element_type=\"container\" data-settings=\"{&quot;background_background&quot;:&quot;classic&quot;}\">\n\t\t\t\t\t<div class=\"e-con-inner\">\n\t\t\t\t<div class=\"elementor-element elementor-element-9bf360d elementor-widget__width-inherit elementor-widget elementor-widget-heading\" data-id=\"9bf360d\" data-element_type=\"widget\" data-widget_type=\"heading.default\">\n\t\t\t\t<div class=\"elementor-widget-container\">\n\t\t\t<h2 class=\"elementor-heading-title elementor-size-default\">Blog<\/h2>\t\t<\/div>\n\t\t\t\t<\/div>\n\t\t\t\t\t<\/div>\n\t\t\t\t<\/div>\n\t\t<div class=\"elementor-element elementor-element-a3816d0 e-con-full e-flex e-con e-parent\" data-id=\"a3816d0\" data-element_type=\"container\">\n\t\t<div class=\"elementor-element elementor-element-ca626fe e-con-full e-flex e-con e-child\" data-id=\"ca626fe\" data-element_type=\"container\" data-settings=\"{&quot;background_background&quot;:&quot;classic&quot;}\">\n\t\t<div class=\"elementor-element elementor-element-0d08618 e-con-full e-flex e-con e-child\" data-id=\"0d08618\" data-element_type=\"container\">\n\t\t\t\t<div class=\"elementor-element elementor-element-2768804 elementor-posts--align-left elementor-grid-3 elementor-grid-tablet-2 elementor-grid-mobile-1 elementor-posts--thumbnail-top load-more-align-center elementor-widget elementor-widget-posts\" data-id=\"2768804\" data-element_type=\"widget\" data-settings=\"{&quot;classic_row_gap&quot;:{&quot;unit&quot;:&quot;px&quot;,&quot;size&quot;:&quot;&quot;,&quot;sizes&quot;:[]},&quot;pagination_type&quot;:&quot;load_more_on_click&quot;,&quot;classic_columns&quot;:&quot;3&quot;,&quot;classic_columns_tablet&quot;:&quot;2&quot;,&quot;classic_columns_mobile&quot;:&quot;1&quot;,&quot;classic_row_gap_tablet&quot;:{&quot;unit&quot;:&quot;px&quot;,&quot;size&quot;:&quot;&quot;,&quot;sizes&quot;:[]},&quot;classic_row_gap_mobile&quot;:{&quot;unit&quot;:&quot;px&quot;,&quot;size&quot;:&quot;&quot;,&quot;sizes&quot;:[]},&quot;load_more_spinner&quot;:{&quot;value&quot;:&quot;fas fa-spinner&quot;,&quot;library&quot;:&quot;fa-solid&quot;}}\" data-widget_type=\"posts.classic\">\n\t\t\t\t<div class=\"elementor-widget-container\">\n\t\t\t\t\t<div class=\"elementor-posts-container elementor-posts elementor-posts--skin-classic elementor-grid\">\n\t\t\t\t<article class=\"elementor-post elementor-grid-item post-710 post type-post status-publish format-standard has-post-thumbnail hentry category-geral\">\n\t\t\t\t<a class=\"elementor-post__thumbnail__link\" href=\"https:\/\/staging1.agenciacfas.com.br\/index.php\/2024\/08\/09\/os-5-erros-mais-comuns-em-contratos-e-como-evita-los\/\" tabindex=\"-1\" >\n\t\t\t<div class=\"elementor-post__thumbnail\"><img fetchpriority=\"high\" decoding=\"async\" width=\"400\" height=\"300\" src=\"https:\/\/staging1.agenciacfas.com.br\/wp-content\/uploads\/2024\/07\/0-1.jpg\" class=\"attachment-full size-full wp-image-22\" alt=\"\" srcset=\"https:\/\/staging1.agenciacfas.com.br\/wp-content\/uploads\/2024\/07\/0-1.jpg 400w, https:\/\/staging1.agenciacfas.com.br\/wp-content\/uploads\/2024\/07\/0-1-300x225.jpg 300w\" sizes=\"(max-width: 400px) 100vw, 400px\" \/><\/div>\n\t\t<\/a>\n\t\t\t\t<div class=\"elementor-post__text\">\n\t\t\t\t<h3 class=\"elementor-post__title\">\n\t\t\t<a href=\"https:\/\/staging1.agenciacfas.com.br\/index.php\/2024\/08\/09\/os-5-erros-mais-comuns-em-contratos-e-como-evita-los\/\" >\n\t\t\t\tOs 5 erros mais comuns em contratos e como evit\u00e1-los\t\t\t<\/a>\n\t\t<\/h3>\n\t\t\t\t<div class=\"elementor-post__meta-data\">\n\t\t\t\t\t<span class=\"elementor-post-date\">\n\t\t\t9 de agosto de 2024\t\t<\/span>\n\t\t\t\t<\/div>\n\t\t\t\t<div class=\"elementor-post__excerpt\">\n\t\t\t<p>Lorem ipsum dolor sit amet, consectetur adipiscing elit. Nulla non purus sed odio fringilla cursus. Fusce a nibh tellus. Nunc sagittis libero rutrum dictum ultricies. Praesent at enim et nisl<\/p>\n\t\t<\/div>\n\t\t\n\t\t<a class=\"elementor-post__read-more\" href=\"https:\/\/staging1.agenciacfas.com.br\/index.php\/2024\/08\/09\/os-5-erros-mais-comuns-em-contratos-e-como-evita-los\/\" aria-label=\"Leia mais sobre Os 5 erros mais comuns em contratos e como evit\u00e1-los\" tabindex=\"-1\" >\n\t\t\tLeia mais \u00bb\t\t<\/a>\n\n\t\t\t\t<\/div>\n\t\t\t\t<\/article>\n\t\t\t\t<article class=\"elementor-post elementor-grid-item post-708 post type-post status-publish format-standard has-post-thumbnail hentry category-consumidor\">\n\t\t\t\t<a class=\"elementor-post__thumbnail__link\" href=\"https:\/\/staging1.agenciacfas.com.br\/index.php\/2024\/08\/09\/direitos-do-consumidor-o-que-voce-precisa-saber\/\" tabindex=\"-1\" >\n\t\t\t<div class=\"elementor-post__thumbnail\"><img decoding=\"async\" width=\"400\" height=\"300\" src=\"https:\/\/staging1.agenciacfas.com.br\/wp-content\/uploads\/2024\/07\/Artboard-1-copy-4.jpg\" class=\"attachment-full size-full wp-image-26\" alt=\"\" srcset=\"https:\/\/staging1.agenciacfas.com.br\/wp-content\/uploads\/2024\/07\/Artboard-1-copy-4.jpg 400w, https:\/\/staging1.agenciacfas.com.br\/wp-content\/uploads\/2024\/07\/Artboard-1-copy-4-300x225.jpg 300w\" sizes=\"(max-width: 400px) 100vw, 400px\" \/><\/div>\n\t\t<\/a>\n\t\t\t\t<div class=\"elementor-post__text\">\n\t\t\t\t<h3 class=\"elementor-post__title\">\n\t\t\t<a href=\"https:\/\/staging1.agenciacfas.com.br\/index.php\/2024\/08\/09\/direitos-do-consumidor-o-que-voce-precisa-saber\/\" >\n\t\t\t\tDireitos do consumidor: O que voc\u00ea precisa saber?\t\t\t<\/a>\n\t\t<\/h3>\n\t\t\t\t<div class=\"elementor-post__meta-data\">\n\t\t\t\t\t<span class=\"elementor-post-date\">\n\t\t\t9 de agosto de 2024\t\t<\/span>\n\t\t\t\t<\/div>\n\t\t\t\t<div class=\"elementor-post__excerpt\">\n\t\t\t<p>Lorem ipsum dolor sit amet, consectetur adipiscing elit. Nulla non purus sed odio fringilla cursus. Fusce a nibh tellus. Nunc sagittis libero rutrum dictum ultricies. Praesent at enim et nisl<\/p>\n\t\t<\/div>\n\t\t\n\t\t<a class=\"elementor-post__read-more\" href=\"https:\/\/staging1.agenciacfas.com.br\/index.php\/2024\/08\/09\/direitos-do-consumidor-o-que-voce-precisa-saber\/\" aria-label=\"Leia mais sobre Direitos do consumidor: O que voc\u00ea precisa saber?\" tabindex=\"-1\" >\n\t\t\tLeia mais \u00bb\t\t<\/a>\n\n\t\t\t\t<\/div>\n\t\t\t\t<\/article>\n\t\t\t\t<article class=\"elementor-post elementor-grid-item post-706 post type-post status-publish format-standard has-post-thumbnail hentry category-familiar\">\n\t\t\t\t<a class=\"elementor-post__thumbnail__link\" href=\"https:\/\/staging1.agenciacfas.com.br\/index.php\/2024\/08\/09\/como-funciona-o-divorcio-no-brasil-um-guia-passo-a-passo\/\" tabindex=\"-1\" >\n\t\t\t<div class=\"elementor-post__thumbnail\"><img decoding=\"async\" width=\"400\" height=\"300\" src=\"https:\/\/staging1.agenciacfas.com.br\/wp-content\/uploads\/2024\/07\/0-2.jpg\" class=\"attachment-full size-full wp-image-23\" alt=\"\" srcset=\"https:\/\/staging1.agenciacfas.com.br\/wp-content\/uploads\/2024\/07\/0-2.jpg 400w, https:\/\/staging1.agenciacfas.com.br\/wp-content\/uploads\/2024\/07\/0-2-300x225.jpg 300w\" sizes=\"(max-width: 400px) 100vw, 400px\" \/><\/div>\n\t\t<\/a>\n\t\t\t\t<div class=\"elementor-post__text\">\n\t\t\t\t<h3 class=\"elementor-post__title\">\n\t\t\t<a href=\"https:\/\/staging1.agenciacfas.com.br\/index.php\/2024\/08\/09\/como-funciona-o-divorcio-no-brasil-um-guia-passo-a-passo\/\" >\n\t\t\t\tComo funciona o div\u00f3rcio no Brasil: Um guia passo a passo\t\t\t<\/a>\n\t\t<\/h3>\n\t\t\t\t<div class=\"elementor-post__meta-data\">\n\t\t\t\t\t<span class=\"elementor-post-date\">\n\t\t\t9 de agosto de 2024\t\t<\/span>\n\t\t\t\t<\/div>\n\t\t\t\t<div class=\"elementor-post__excerpt\">\n\t\t\t<p>Lorem ipsum dolor sit amet, consectetur adipiscing elit. Nulla non purus sed odio fringilla cursus. Fusce a nibh tellus. Nunc sagittis libero rutrum dictum ultricies. Praesent at enim et nisl<\/p>\n\t\t<\/div>\n\t\t\n\t\t<a class=\"elementor-post__read-more\" href=\"https:\/\/staging1.agenciacfas.com.br\/index.php\/2024\/08\/09\/como-funciona-o-divorcio-no-brasil-um-guia-passo-a-passo\/\" aria-label=\"Leia mais sobre Como funciona o div\u00f3rcio no Brasil: Um guia passo a passo\" tabindex=\"-1\" >\n\t\t\tLeia mais \u00bb\t\t<\/a>\n\n\t\t\t\t<\/div>\n\t\t\t\t<\/article>\n\t\t\t\t<article class=\"elementor-post elementor-grid-item post-704 post type-post status-publish format-standard has-post-thumbnail hentry category-familiar\">\n\t\t\t\t<a class=\"elementor-post__thumbnail__link\" href=\"https:\/\/staging1.agenciacfas.com.br\/index.php\/2024\/08\/09\/inventario-e-partilha-de-bens-o-que-voce-deve-saber\/\" tabindex=\"-1\" >\n\t\t\t<div class=\"elementor-post__thumbnail\"><img loading=\"lazy\" decoding=\"async\" width=\"400\" height=\"300\" src=\"https:\/\/staging1.agenciacfas.com.br\/wp-content\/uploads\/2024\/07\/0-3.jpg\" class=\"attachment-full size-full wp-image-24\" alt=\"\" srcset=\"https:\/\/staging1.agenciacfas.com.br\/wp-content\/uploads\/2024\/07\/0-3.jpg 400w, https:\/\/staging1.agenciacfas.com.br\/wp-content\/uploads\/2024\/07\/0-3-300x225.jpg 300w\" sizes=\"(max-width: 400px) 100vw, 400px\" \/><\/div>\n\t\t<\/a>\n\t\t\t\t<div class=\"elementor-post__text\">\n\t\t\t\t<h3 class=\"elementor-post__title\">\n\t\t\t<a href=\"https:\/\/staging1.agenciacfas.com.br\/index.php\/2024\/08\/09\/inventario-e-partilha-de-bens-o-que-voce-deve-saber\/\" >\n\t\t\t\tInvent\u00e1rio e partilha de bens: O que voc\u00ea deve saber\t\t\t<\/a>\n\t\t<\/h3>\n\t\t\t\t<div class=\"elementor-post__meta-data\">\n\t\t\t\t\t<span class=\"elementor-post-date\">\n\t\t\t9 de agosto de 2024\t\t<\/span>\n\t\t\t\t<\/div>\n\t\t\t\t<div class=\"elementor-post__excerpt\">\n\t\t\t<p>Lorem ipsum dolor sit amet, consectetur adipiscing elit. Nulla non purus sed odio fringilla cursus. Fusce a nibh tellus. Nunc sagittis libero rutrum dictum ultricies. Praesent at enim et nisl<\/p>\n\t\t<\/div>\n\t\t\n\t\t<a class=\"elementor-post__read-more\" href=\"https:\/\/staging1.agenciacfas.com.br\/index.php\/2024\/08\/09\/inventario-e-partilha-de-bens-o-que-voce-deve-saber\/\" aria-label=\"Leia mais sobre Invent\u00e1rio e partilha de bens: O que voc\u00ea deve saber\" tabindex=\"-1\" >\n\t\t\tLeia mais \u00bb\t\t<\/a>\n\n\t\t\t\t<\/div>\n\t\t\t\t<\/article>\n\t\t\t\t<article class=\"elementor-post elementor-grid-item post-702 post type-post status-publish format-standard has-post-thumbnail hentry category-geral\">\n\t\t\t\t<a class=\"elementor-post__thumbnail__link\" href=\"https:\/\/staging1.agenciacfas.com.br\/index.php\/2024\/08\/09\/entenda-o-que-e-compliance-e-sua-importancia-para-empresas\/\" tabindex=\"-1\" >\n\t\t\t<div class=\"elementor-post__thumbnail\"><img loading=\"lazy\" decoding=\"async\" width=\"400\" height=\"300\" src=\"https:\/\/staging1.agenciacfas.com.br\/wp-content\/uploads\/2024\/07\/0-4.jpg\" class=\"attachment-full size-full wp-image-25\" alt=\"\" srcset=\"https:\/\/staging1.agenciacfas.com.br\/wp-content\/uploads\/2024\/07\/0-4.jpg 400w, https:\/\/staging1.agenciacfas.com.br\/wp-content\/uploads\/2024\/07\/0-4-300x225.jpg 300w\" sizes=\"(max-width: 400px) 100vw, 400px\" \/><\/div>\n\t\t<\/a>\n\t\t\t\t<div class=\"elementor-post__text\">\n\t\t\t\t<h3 class=\"elementor-post__title\">\n\t\t\t<a href=\"https:\/\/staging1.agenciacfas.com.br\/index.php\/2024\/08\/09\/entenda-o-que-e-compliance-e-sua-importancia-para-empresas\/\" >\n\t\t\t\tEntenda o que \u00e9 compliance e sua import\u00e2ncia para empresas\t\t\t<\/a>\n\t\t<\/h3>\n\t\t\t\t<div class=\"elementor-post__meta-data\">\n\t\t\t\t\t<span class=\"elementor-post-date\">\n\t\t\t9 de agosto de 2024\t\t<\/span>\n\t\t\t\t<\/div>\n\t\t\t\t<div class=\"elementor-post__excerpt\">\n\t\t\t<p>Lorem ipsum dolor sit amet, consectetur adipiscing elit. Nulla non purus sed odio fringilla cursus. Fusce a nibh tellus. Nunc sagittis libero rutrum dictum ultricies. Praesent at enim et nisl<\/p>\n\t\t<\/div>\n\t\t\n\t\t<a class=\"elementor-post__read-more\" href=\"https:\/\/staging1.agenciacfas.com.br\/index.php\/2024\/08\/09\/entenda-o-que-e-compliance-e-sua-importancia-para-empresas\/\" aria-label=\"Leia mais sobre Entenda o que \u00e9 compliance e sua import\u00e2ncia para empresas\" tabindex=\"-1\" >\n\t\t\tLeia mais \u00bb\t\t<\/a>\n\n\t\t\t\t<\/div>\n\t\t\t\t<\/article>\n\t\t\t\t<article class=\"elementor-post elementor-grid-item post-833 post type-post status-publish format-standard has-post-thumbnail hentry category-trabalhista\">\n\t\t\t\t<a class=\"elementor-post__thumbnail__link\" href=\"https:\/\/staging1.agenciacfas.com.br\/index.php\/2024\/08\/08\/postagem-exemplo-2\/\" tabindex=\"-1\" >\n\t\t\t<div class=\"elementor-post__thumbnail\"><img decoding=\"async\" width=\"400\" height=\"300\" src=\"https:\/\/staging1.agenciacfas.com.br\/wp-content\/uploads\/2024\/07\/Artboard-1-copy-4.jpg\" class=\"attachment-full size-full wp-image-26\" alt=\"\" srcset=\"https:\/\/staging1.agenciacfas.com.br\/wp-content\/uploads\/2024\/07\/Artboard-1-copy-4.jpg 400w, https:\/\/staging1.agenciacfas.com.br\/wp-content\/uploads\/2024\/07\/Artboard-1-copy-4-300x225.jpg 300w\" sizes=\"(max-width: 400px) 100vw, 400px\" \/><\/div>\n\t\t<\/a>\n\t\t\t\t<div class=\"elementor-post__text\">\n\t\t\t\t<h3 class=\"elementor-post__title\">\n\t\t\t<a href=\"https:\/\/staging1.agenciacfas.com.br\/index.php\/2024\/08\/08\/postagem-exemplo-2\/\" >\n\t\t\t\tPostagem exemplo 2\t\t\t<\/a>\n\t\t<\/h3>\n\t\t\t\t<div class=\"elementor-post__meta-data\">\n\t\t\t\t\t<span class=\"elementor-post-date\">\n\t\t\t8 de agosto de 2024\t\t<\/span>\n\t\t\t\t<\/div>\n\t\t\t\t<div class=\"elementor-post__excerpt\">\n\t\t\t<p>Lorem ipsum dolor sit amet, consectetur adipiscing elit. Nulla non purus sed odio fringilla cursus. Fusce a nibh tellus. Nunc sagittis libero rutrum dictum ultricies. Praesent at enim et nisl<\/p>\n\t\t<\/div>\n\t\t\n\t\t<a class=\"elementor-post__read-more\" href=\"https:\/\/staging1.agenciacfas.com.br\/index.php\/2024\/08\/08\/postagem-exemplo-2\/\" aria-label=\"Leia mais sobre Postagem exemplo 2\" tabindex=\"-1\" >\n\t\t\tLeia mais \u00bb\t\t<\/a>\n\n\t\t\t\t<\/div>\n\t\t\t\t<\/article>\n\t\t\t\t<\/div>\n\t\t\t\t\t<span class=\"e-load-more-spinner\">\n\t\t\t\t<svg aria-hidden=\"true\" class=\"e-font-icon-svg e-fas-spinner\" viewBox=\"0 0 512 512\" xmlns=\"http:\/\/www.w3.org\/2000\/svg\"><path d=\"M304 48c0 26.51-21.49 48-48 48s-48-21.49-48-48 21.49-48 48-48 48 21.49 48 48zm-48 368c-26.51 0-48 21.49-48 48s21.49 48 48 48 48-21.49 48-48-21.49-48-48-48zm208-208c-26.51 0-48 21.49-48 48s21.49 48 48 48 48-21.49 48-48-21.49-48-48-48zM96 256c0-26.51-21.49-48-48-48S0 229.49 0 256s21.49 48 48 48 48-21.49 48-48zm12.922 99.078c-26.51 0-48 21.49-48 48s21.49 48 48 48 48-21.49 48-48c0-26.509-21.491-48-48-48zm294.156 0c-26.51 0-48 21.49-48 48s21.49 48 48 48 48-21.49 48-48c0-26.509-21.49-48-48-48zM108.922 60.922c-26.51 0-48 21.49-48 48s21.49 48 48 48 48-21.49 48-48-21.491-48-48-48z\"><\/path><\/svg>\t\t\t<\/span>\n\t\t\n\t\t\t\t<div class=\"e-load-more-anchor\" data-page=\"1\" data-max-page=\"2\" data-next-page=\"https:\/\/staging1.agenciacfas.com.br\/index.php\/wp-json\/wp\/v2\/pages\/766\/page\/2\/\"><\/div>\n\t\t\t\t<div class=\"elementor-button-wrapper\">\n\t\t\t<a href=\"#\" class=\"elementor-button-link elementor-button\" role=\"button\">\n\t\t\t\t\t\t<span class=\"elementor-button-content-wrapper\">\n\t\t\t\t\t\t\t\t\t<span class=\"elementor-button-text\">Carregar mais<\/span>\n\t\t\t\t\t<\/span>\n\t\t\t\t\t<\/a>\n\t\t<\/div>\n\t\t\t\t<div class=\"e-load-more-message\"><\/div>\n\t\t\t\t<\/div>\n\t\t\t\t<\/div>\n\t\t\t\t<\/div>\n\t\t\t\t<\/div>\n\t\t\t\t<\/div>\n\t\t\t\t<\/div>\n\t\t","protected":false},"excerpt":{"rendered":"<p>Blog<\/p>\n","protected":false},"author":1,"featured_media":0,"parent":0,"menu_order":0,"comment_status":"closed","ping_status":"closed","template":"","meta":{"footnotes":""},"class_list":["post-766","page","type-page","status-publish","hentry"],"yoast_head":"<!-- This site is optimized with the Yoast SEO plugin v23.7 - https:\/\/yoast.com\/wordpress\/plugins\/seo\/ -->\n<title>Blog - Site de teste 1<\/title>\n<meta name=\"description\" content=\"Se voc\u00ea tem algum problema legal em sua vida\u2026N\u00f3s estamos dispon\u00edveis Estamos aqui para lutar contra qualquer viola\u00e7\u00e3o judicial\" \/>\n<meta name=\"robots\" content=\"index, follow, max-snippet:-1, max-image-preview:large, max-video-preview:-1\" \/>\n<link rel=\"canonical\" href=\"https:\/\/staging1.agenciacfas.com.br\/index.php\/blog-site\/\" \/>\n<meta property=\"og:locale\" content=\"pt_BR\" \/>\n<meta property=\"og:type\" content=\"article\" \/>\n<meta property=\"og:title\" content=\"Blog - Site de teste 1\" \/>\n<meta property=\"og:description\" content=\"Se voc\u00ea tem algum problema legal em sua vida\u2026N\u00f3s estamos dispon\u00edveis Estamos aqui para lutar contra qualquer viola\u00e7\u00e3o judicial\" \/>\n<meta property=\"og:url\" content=\"https:\/\/staging1.agenciacfas.com.br\/index.php\/blog-site\/\" \/>\n<meta property=\"og:site_name\" content=\"Site de teste 1\" \/>\n<meta property=\"article:modified_time\" content=\"2024-08-17T15:01:39+00:00\" \/>\n<meta name=\"twitter:card\" content=\"summary_large_image\" \/>\n<meta name=\"twitter:label1\" content=\"Est. tempo de leitura\" \/>\n\t<meta name=\"twitter:data1\" content=\"1 minuto\" \/>\n<script type=\"application\/ld+json\" class=\"yoast-schema-graph\">{\"@context\":\"https:\/\/schema.org\",\"@graph\":[{\"@type\":\"WebPage\",\"@id\":\"https:\/\/staging1.agenciacfas.com.br\/index.php\/blog-site\/\",\"url\":\"https:\/\/staging1.agenciacfas.com.br\/index.php\/blog-site\/\",\"name\":\"Blog - Site de teste 1\",\"isPartOf\":{\"@id\":\"https:\/\/staging1.agenciacfas.com.br\/#website\"},\"datePublished\":\"2024-08-12T14:33:17+00:00\",\"dateModified\":\"2024-08-17T15:01:39+00:00\",\"description\":\"Se voc\u00ea tem algum problema legal em sua vida\u2026N\u00f3s estamos dispon\u00edveis Estamos aqui para lutar contra qualquer viola\u00e7\u00e3o judicial\",\"breadcrumb\":{\"@id\":\"https:\/\/staging1.agenciacfas.com.br\/index.php\/blog-site\/#breadcrumb\"},\"inLanguage\":\"pt-BR\",\"potentialAction\":[{\"@type\":\"ReadAction\",\"target\":[\"https:\/\/staging1.agenciacfas.com.br\/index.php\/blog-site\/\"]}]},{\"@type\":\"BreadcrumbList\",\"@id\":\"https:\/\/staging1.agenciacfas.com.br\/index.php\/blog-site\/#breadcrumb\",\"itemListElement\":[{\"@type\":\"ListItem\",\"position\":1,\"name\":\"In\u00edcio\",\"item\":\"https:\/\/staging1.agenciacfas.com.br\/\"},{\"@type\":\"ListItem\",\"position\":2,\"name\":\"Blog\"}]},{\"@type\":\"WebSite\",\"@id\":\"https:\/\/staging1.agenciacfas.com.br\/#website\",\"url\":\"https:\/\/staging1.agenciacfas.com.br\/\",\"name\":\"Site de teste 1\",\"description\":\"Se voc\u00ea tem algum problema legal em sua vida\u2026 N\u00f3s estamos dispon\u00edveis\",\"publisher\":{\"@id\":\"https:\/\/staging1.agenciacfas.com.br\/#organization\"},\"potentialAction\":[{\"@type\":\"SearchAction\",\"target\":{\"@type\":\"EntryPoint\",\"urlTemplate\":\"https:\/\/staging1.agenciacfas.com.br\/?s={search_term_string}\"},\"query-input\":{\"@type\":\"PropertyValueSpecification\",\"valueRequired\":true,\"valueName\":\"search_term_string\"}}],\"inLanguage\":\"pt-BR\"},{\"@type\":\"Organization\",\"@id\":\"https:\/\/staging1.agenciacfas.com.br\/#organization\",\"name\":\"Site de teste 1\",\"url\":\"https:\/\/staging1.agenciacfas.com.br\/\",\"logo\":{\"@type\":\"ImageObject\",\"inLanguage\":\"pt-BR\",\"@id\":\"https:\/\/staging1.agenciacfas.com.br\/#\/schema\/logo\/image\/\",\"url\":\"https:\/\/staging1.agenciacfas.com.br\/wp-content\/uploads\/2024\/07\/click.png\",\"contentUrl\":\"https:\/\/staging1.agenciacfas.com.br\/wp-content\/uploads\/2024\/07\/click.png\",\"width\":600,\"height\":177,\"caption\":\"Site de teste 1\"},\"image\":{\"@id\":\"https:\/\/staging1.agenciacfas.com.br\/#\/schema\/logo\/image\/\"}}]}<\/script>\n<!-- \/ Yoast SEO plugin. -->","yoast_head_json":{"title":"Blog - Site de teste 1","description":"Se voc\u00ea tem algum problema legal em sua vida\u2026N\u00f3s estamos dispon\u00edveis Estamos aqui para lutar contra qualquer viola\u00e7\u00e3o judicial","robots":{"index":"index","follow":"follow","max-snippet":"max-snippet:-1","max-image-preview":"max-image-preview:large","max-video-preview":"max-video-preview:-1"},"canonical":"https:\/\/staging1.agenciacfas.com.br\/index.php\/blog-site\/","og_locale":"pt_BR","og_type":"article","og_title":"Blog - Site de teste 1","og_description":"Se voc\u00ea tem algum problema legal em sua vida\u2026N\u00f3s estamos dispon\u00edveis Estamos aqui para lutar contra qualquer viola\u00e7\u00e3o judicial","og_url":"https:\/\/staging1.agenciacfas.com.br\/index.php\/blog-site\/","og_site_name":"Site de teste 1","article_modified_time":"2024-08-17T15:01:39+00:00","twitter_card":"summary_large_image","twitter_misc":{"Est. tempo de leitura":"1 minuto"},"schema":{"@context":"https:\/\/schema.org","@graph":[{"@type":"WebPage","@id":"https:\/\/staging1.agenciacfas.com.br\/index.php\/blog-site\/","url":"https:\/\/staging1.agenciacfas.com.br\/index.php\/blog-site\/","name":"Blog - Site de teste 1","isPartOf":{"@id":"https:\/\/staging1.agenciacfas.com.br\/#website"},"datePublished":"2024-08-12T14:33:17+00:00","dateModified":"2024-08-17T15:01:39+00:00","description":"Se voc\u00ea tem algum problema legal em sua vida\u2026N\u00f3s estamos dispon\u00edveis Estamos aqui para lutar contra qualquer viola\u00e7\u00e3o judicial","breadcrumb":{"@id":"https:\/\/staging1.agenciacfas.com.br\/index.php\/blog-site\/#breadcrumb"},"inLanguage":"pt-BR","potentialAction":[{"@type":"ReadAction","target":["https:\/\/staging1.agenciacfas.com.br\/index.php\/blog-site\/"]}]},{"@type":"BreadcrumbList","@id":"https:\/\/staging1.agenciacfas.com.br\/index.php\/blog-site\/#breadcrumb","itemListElement":[{"@type":"ListItem","position":1,"name":"In\u00edcio","item":"https:\/\/staging1.agenciacfas.com.br\/"},{"@type":"ListItem","position":2,"name":"Blog"}]},{"@type":"WebSite","@id":"https:\/\/staging1.agenciacfas.com.br\/#website","url":"https:\/\/staging1.agenciacfas.com.br\/","name":"Site de teste 1","description":"Se voc\u00ea tem algum problema legal em sua vida\u2026 N\u00f3s estamos dispon\u00edveis","publisher":{"@id":"https:\/\/staging1.agenciacfas.com.br\/#organization"},"potentialAction":[{"@type":"SearchAction","target":{"@type":"EntryPoint","urlTemplate":"https:\/\/staging1.agenciacfas.com.br\/?s={search_term_string}"},"query-input":{"@type":"PropertyValueSpecification","valueRequired":true,"valueName":"search_term_string"}}],"inLanguage":"pt-BR"},{"@type":"Organization","@id":"https:\/\/staging1.agenciacfas.com.br\/#organization","name":"Site de teste 1","url":"https:\/\/staging1.agenciacfas.com.br\/","logo":{"@type":"ImageObject","inLanguage":"pt-BR","@id":"https:\/\/staging1.agenciacfas.com.br\/#\/schema\/logo\/image\/","url":"https:\/\/staging1.agenciacfas.com.br\/wp-content\/uploads\/2024\/07\/click.png","contentUrl":"https:\/\/staging1.agenciacfas.com.br\/wp-content\/uploads\/2024\/07\/click.png","width":600,"height":177,"caption":"Site de teste 1"},"image":{"@id":"https:\/\/staging1.agenciacfas.com.br\/#\/schema\/logo\/image\/"}}]}},"_links":{"self":[{"href":"https:\/\/staging1.agenciacfas.com.br\/index.php\/wp-json\/wp\/v2\/pages\/766","targetHints":{"allow":["GET"]}}],"collection":[{"href":"https:\/\/staging1.agenciacfas.com.br\/index.php\/wp-json\/wp\/v2\/pages"}],"about":[{"href":"https:\/\/staging1.agenciacfas.com.br\/index.php\/wp-json\/wp\/v2\/types\/page"}],"author":[{"embeddable":true,"href":"https:\/\/staging1.agenciacfas.com.br\/index.php\/wp-json\/wp\/v2\/users\/1"}],"replies":[{"embeddable":true,"href":"https:\/\/staging1.agenciacfas.com.br\/index.php\/wp-json\/wp\/v2\/comments?post=766"}],"version-history":[{"count":23,"href":"https:\/\/staging1.agenciacfas.com.br\/index.php\/wp-json\/wp\/v2\/pages\/766\/revisions"}],"predecessor-version":[{"id":1097,"href":"https:\/\/staging1.agenciacfas.com.br\/index.php\/wp-json\/wp\/v2\/pages\/766\/revisions\/1097"}],"wp:attachment":[{"href":"https:\/\/staging1.agenciacfas.com.br\/index.php\/wp-json\/wp\/v2\/media?parent=766"}],"curies":[{"name":"wp","href":"https:\/\/api.w.org\/{rel}","templated":true}]}}